{"id":548,"date":"2025-08-23T18:20:35","date_gmt":"2025-08-23T18:20:35","guid":{"rendered":"http:\/\/glamjawahir.com\/about-us\/"},"modified":"2025-09-03T19:13:49","modified_gmt":"2025-09-03T19:13:49","slug":"a-propos","status":"publish","type":"page","link":"https:\/\/glamjawahir.com\/ar\/contact\/a-propos\/","title":{"rendered":"\u0645\u0639\u0644\u0648\u0645\u0627\u062a \u0639\u0627\u0645\u0629"},"content":{"rendered":"<div data-elementor-type=\"wp-page\" data-elementor-id=\"548\" class=\"elementor elementor-548\">\n\t\t\t\t<div class=\"elementor-element elementor-element-576916f e-flex e-con-boxed e-con e-parent\" data-id=\"576916f\" data-element_type=\"container\" data-settings=\"{&quot;background_background&quot;:&quot;classic&quot;}\">\n\t\t\t\t\t<div class=\"e-con-inner\">\n\t\t<div class=\"elementor-element elementor-element-9dbd73e e-con-full e-flex e-con e-child\" data-id=\"9dbd73e\" data-element_type=\"container\">\n\t\t\t\t<div class=\"elementor-element elementor-element-b4ad8cf elementor-widget elementor-widget-heading\" data-id=\"b4ad8cf\" data-element_type=\"widget\" data-widget_type=\"heading.default\">\n\t\t\t\t<div class=\"elementor-widget-container\">\n\t\t\t\t\t<h1 class=\"elementor-heading-title elementor-size-default\">a propos de nous<\/h1>\t\t\t\t<\/div>\n\t\t\t\t<\/div>\n\t\t\t\t<\/div>\n\t\t\t\t\t<\/div>\n\t\t\t\t<\/div>\n\t\t<div class=\"elementor-element elementor-element-5898f86 e-flex e-con-boxed e-con e-parent\" data-id=\"5898f86\" data-element_type=\"container\">\n\t\t\t\t\t<div class=\"e-con-inner\">\n\t\t<div class=\"elementor-element elementor-element-a471c7a e-con-full e-flex e-con e-child\" data-id=\"a471c7a\" data-element_type=\"container\">\n\t\t\t\t<div class=\"elementor-element elementor-element-602b490 elementor-widget elementor-widget-heading\" data-id=\"602b490\" data-element_type=\"widget\" data-widget_type=\"heading.default\">\n\t\t\t\t<div class=\"elementor-widget-container\">\n\t\t\t\t\t<h2 class=\"elementor-heading-title elementor-size-default\"><p data-start=\"395\" data-end=\"443\">GlamJawahir \u2013 L\u2019\u00e9l\u00e9gance qui vous illumine en Alg\u00e9rie<\/p><p data-start=\"445\" data-end=\"757\"><\/p><\/h2>\t\t\t\t<\/div>\n\t\t\t\t<\/div>\n\t\t\t\t<\/div>\n\t\t<div class=\"elementor-element elementor-element-3f51f8d e-con-full e-flex e-con e-child\" data-id=\"3f51f8d\" data-element_type=\"container\">\n\t\t\t\t<div class=\"elementor-element elementor-element-310a9d8 elementor-widget elementor-widget-heading\" data-id=\"310a9d8\" data-element_type=\"widget\" data-widget_type=\"heading.default\">\n\t\t\t\t<div class=\"elementor-widget-container\">\n\t\t\t\t\t<h6 class=\"elementor-heading-title elementor-size-default\">Bienvenue chez <strong data-start=\"363\" data-end=\"378\">GlamJawahir<\/strong>, votre <strong data-start=\"386\" data-end=\"410\">boutique en ligne DZ<\/strong> sp\u00e9cialis\u00e9e dans les <strong data-start=\"432\" data-end=\"468\">bijoux et accessoires pour femme<\/strong>.<br data-start=\"469\" data-end=\"472\">\nChaque cr\u00e9ation est bien plus qu\u2019un simple bijou : c\u2019est une histoire unique, une \u00e9motion \u00e0 partager, une \u00e9tincelle de personnalit\u00e9 qui vous distingue.<\/h6>\t\t\t\t<\/div>\n\t\t\t\t<\/div>\n\t\t\t\t<div class=\"elementor-element elementor-element-44bc7b6 elementor-widget elementor-widget-hfe-infocard\" data-id=\"44bc7b6\" data-element_type=\"widget\" data-widget_type=\"hfe-infocard.default\">\n\t\t\t\t<div class=\"elementor-widget-container\">\n\t\t\t\t\t\n\t\t<div class=\"hfe-infocard\">\n\t\t\t\t\t\t\t\t\t<div class=\"hfe-infocard-text-wrap\">\n\t\t\t\t<div class=\"hfe-infocard-text elementor-inline-editing\" data-elementor-setting-key=\"infocard_description\" data-elementor-inline-editing-toolbar=\"advanced\">\n\t\t\t\t\t<p data-start=\"759\" data-end=\"783\">\n<\/p>\n<p data-start=\"627\" data-end=\"934\">Nos collections marient avec soin <strong data-start=\"661\" data-end=\"703\">raffinement, modernit\u00e9 et authenticit\u00e9<\/strong>, que ce soit pour vos looks du quotidien ou vos plus belles occasions.<br data-start=\"774\" data-end=\"777\">\nDe nos <strong data-start=\"784\" data-end=\"814\">bijoux en acier inoxydable<\/strong> r\u00e9sistants et \u00e9l\u00e9gants, \u00e0 nos accessoires tendances, chaque d\u00e9tail est pens\u00e9 pour refl\u00e9ter l\u2019\u00e9l\u00e9gance et la f\u00e9minit\u00e9.<\/p><p data-start=\"627\" data-end=\"934\">\n<\/p><p data-start=\"936\" data-end=\"1100\">Avec GlamJawahir, vous d\u00e9couvrez bien plus qu\u2019une simple boutique : un v\u00e9ritable univers mode o\u00f9 <strong data-start=\"1033\" data-end=\"1058\">l\u2019\u00e9l\u00e9gance en Alg\u00e9rie<\/strong> devient accessible \u00e0 toutes les femmes.<\/p>\t\t\t\t<\/div>\n\t\t\t\t\t\t\t<\/div>\n\t\t<\/div>\n\n\t\t\t\t\t\t<\/div>\n\t\t\t\t<\/div>\n\t\t\t\t<\/div>\n\t\t<div class=\"elementor-element elementor-element-e92d08f e-con-full e-flex e-con e-child\" data-id=\"e92d08f\" data-element_type=\"container\">\n\t\t\t\t<div class=\"elementor-element elementor-element-db4cc49 elementor-widget elementor-widget-heading\" data-id=\"db4cc49\" data-element_type=\"widget\" data-widget_type=\"heading.default\">\n\t\t\t\t<div class=\"elementor-widget-container\">\n\t\t\t\t\t<h6 class=\"elementor-heading-title elementor-size-default\"><strong data-start=\"275\" data-end=\"296\">Assurance Qualit\u00e9<\/strong><br data-start=\"296\" data-end=\"299\"><\/h6>\t\t\t\t<\/div>\n\t\t\t\t<\/div>\n\t\t\t\t<div class=\"elementor-element elementor-element-fcc7a1f elementor-widget elementor-widget-image-box\" data-id=\"fcc7a1f\" data-element_type=\"widget\" data-widget_type=\"image-box.default\">\n\t\t\t\t<div class=\"elementor-widget-container\">\n\t\t\t\t\t<div class=\"elementor-image-box-wrapper\"><div class=\"elementor-image-box-content\"><h2 class=\"elementor-image-box-title\">Chez GlamJawahir, votre boutique en ligne DZ en Alg\u00e9rie, nous savons qu\u2019un bijou n\u2019est pas qu\u2019un simple accessoire, mais une v\u00e9ritable expression d\u2019\u00e9l\u00e9gance et d\u2019identit\u00e9. C\u2019est pourquoi nous nous engageons \u00e0 proposer des bijoux et accessoires pour femme con\u00e7us selon les plus hauts standards de qualit\u00e9.<\/h2><p class=\"elementor-image-box-description\">Notre recherche de perfection d\u00e9bute par une s\u00e9lection attentive des mat\u00e9riaux : pierres \u00e9clatantes, finitions raffin\u00e9es et acier inoxydable r\u00e9sistant, choisi pour sa durabilit\u00e9 et son authenticit\u00e9. Chaque pi\u00e8ce est ensuite fa\u00e7onn\u00e9e avec soin, m\u00ealant savoir-faire artisanal et techniques modernes pour garantir un rendu impeccable. Gr\u00e2ce \u00e0 des contr\u00f4les exigeants, nous veillons \u00e0 ce que chaque cr\u00e9ation respecte nos crit\u00e8res avant d\u2019arriver entre vos mains. Faites confiance \u00e0 GlamJawahir Alg\u00e9rie pour des bijoux intemporels qui subliment votre style.<\/p><\/div><\/div>\t\t\t\t<\/div>\n\t\t\t\t<\/div>\n\t\t\t\t<\/div>\n\t\t\t\t\t<\/div>\n\t\t\t\t<\/div>\n\t\t<div class=\"elementor-element elementor-element-bdafa3c e-flex e-con-boxed e-con e-parent\" data-id=\"bdafa3c\" data-element_type=\"container\" data-settings=\"{&quot;background_background&quot;:&quot;classic&quot;}\">\n\t\t\t\t\t<div class=\"e-con-inner\">\n\t\t<div class=\"elementor-element elementor-element-f643276 e-con-full e-flex e-con e-child\" data-id=\"f643276\" data-element_type=\"container\">\n\t\t\t\t<div class=\"elementor-element elementor-element-3f174b6 elementor-widget elementor-widget-heading\" data-id=\"3f174b6\" data-element_type=\"widget\" data-widget_type=\"heading.default\">\n\t\t\t\t<div class=\"elementor-widget-container\">\n\t\t\t\t\t<h6 class=\"elementor-heading-title elementor-size-default\">Une Approche Centr\u00e9e sur le Client<\/h6>\t\t\t\t<\/div>\n\t\t\t\t<\/div>\n\t\t\t\t<div class=\"elementor-element elementor-element-1cf2f8a elementor-widget elementor-widget-image-box\" data-id=\"1cf2f8a\" data-element_type=\"widget\" data-widget_type=\"image-box.default\">\n\t\t\t\t<div class=\"elementor-widget-container\">\n\t\t\t\t\t<div class=\"elementor-image-box-wrapper\"><div class=\"elementor-image-box-content\"><h2 class=\"elementor-image-box-title\">Au-del\u00e0 du bijou : cultiver une exp\u00e9rience centr\u00e9e sur le client.<\/h2><p class=\"elementor-image-box-description\">Chez GlamJawahir Alg\u00e9rie, votre boutique en ligne DZ sp\u00e9cialis\u00e9e en bijoux et accessoires pour femme, nous savons que notre v\u00e9ritable succ\u00e8s repose sur la satisfaction de celles et ceux qui nous font confiance. Plus qu\u2019un cr\u00e9ateur de bijoux \u00e9l\u00e9gants en acier inoxydable et mat\u00e9riaux de qualit\u00e9, nous pla\u00e7ons vos besoins au c\u0153ur de notre d\u00e9marche. Conseils personnalis\u00e9s, mod\u00e8les exclusifs et processus d\u2019achat simplifi\u00e9 : chaque \u00e9tape est pens\u00e9e pour rendre votre exp\u00e9rience agr\u00e9able et s\u00e9curis\u00e9e. Notre \u00e9quipe d\u00e9vou\u00e9e veille \u00e0 vous offrir un accompagnement chaleureux et attentif. Rejoignez la communaut\u00e9 GlamJawahir DZ, o\u00f9 chaque cliente b\u00e9n\u00e9ficie d\u2019un service soign\u00e9 et d\u2019un univers raffin\u00e9 qui transforme vos envies de bijoux en une passion partag\u00e9e.<\/p><\/div><\/div>\t\t\t\t<\/div>\n\t\t\t\t<\/div>\n\t\t\t\t<\/div>\n\t\t\t\t\t<\/div>\n\t\t\t\t<\/div>\n\t\t<div class=\"elementor-element elementor-element-0630b1e e-flex e-con-boxed e-con e-parent\" data-id=\"0630b1e\" data-element_type=\"container\">\n\t\t\t\t\t<div class=\"e-con-inner\">\n\t\t<div class=\"elementor-element elementor-element-8f65fb9 e-con-full e-flex e-con e-child\" data-id=\"8f65fb9\" data-element_type=\"container\">\n\t\t\t\t<div class=\"elementor-element elementor-element-1c16a3a elementor-widget elementor-widget-heading\" data-id=\"1c16a3a\" data-element_type=\"widget\" data-widget_type=\"heading.default\">\n\t\t\t\t<div class=\"elementor-widget-container\">\n\t\t\t\t\t<h6 class=\"elementor-heading-title elementor-size-default\">Initiatives Durables<\/h6>\t\t\t\t<\/div>\n\t\t\t\t<\/div>\n\t\t\t\t<div class=\"elementor-element elementor-element-005576a elementor-widget elementor-widget-heading\" data-id=\"005576a\" data-element_type=\"widget\" data-widget_type=\"heading.default\">\n\t\t\t\t<div class=\"elementor-widget-container\">\n\t\t\t\t\t<h2 class=\"elementor-heading-title elementor-size-default\">Des bijoux responsables qui allient style et engagement<\/h2>\t\t\t\t<\/div>\n\t\t\t\t<\/div>\n\t\t\t\t<\/div>\n\t\t<div class=\"elementor-element elementor-element-85f2501 e-con-full e-flex e-con e-child\" data-id=\"85f2501\" data-element_type=\"container\">\n\t\t\t\t<div class=\"elementor-element elementor-element-d9bb7eb elementor-widget elementor-widget-heading\" data-id=\"d9bb7eb\" data-element_type=\"widget\" data-widget_type=\"heading.default\">\n\t\t\t\t<div class=\"elementor-widget-container\">\n\t\t\t\t\t<h5 class=\"elementor-heading-title elementor-size-default\">Chez GlamJawahir Alg\u00e9rie, votre boutique en ligne DZ de bijoux et accessoires pour femme, nous faisons le choix d\u2019une \u00e9l\u00e9gance qui respecte \u00e0 la fois nos clientes et notre environnement. Chaque bijou en acier inoxydable ou en mat\u00e9riaux de qualit\u00e9 est con\u00e7u dans une d\u00e9marche \u00e9thique et responsable.<\/h5>\t\t\t\t<\/div>\n\t\t\t\t<\/div>\n\t\t\t\t<\/div>\n\t\t<div class=\"elementor-element elementor-element-eead996 e-con-full e-flex e-con e-child\" data-id=\"eead996\" data-element_type=\"container\">\n\t\t\t\t<div class=\"elementor-element elementor-element-79fd198 elementor-widget elementor-widget-text-editor\" data-id=\"79fd198\" data-element_type=\"widget\" data-widget_type=\"text-editor.default\">\n\t\t\t\t<div class=\"elementor-widget-container\">\n\t\t\t\t\t\t\t\t\t<p data-start=\"291\" data-end=\"664\">\u0641\u064a <strong data-start=\"296\" data-end=\"314\">GlamJawahir DZ<\/strong>, nous s\u00e9lectionnons avec soin des <strong data-start=\"349\" data-end=\"385\">bijoux et accessoires pour femme<\/strong> issus de fili\u00e8res responsables, afin de vous offrir des cr\u00e9ations qui allient <strong data-start=\"464\" data-end=\"490\">durabilit\u00e9 et \u00e9l\u00e9gance<\/strong>. Notre priorit\u00e9 est de proposer des produits respectueux, choisis aupr\u00e8s de partenaires partageant nos valeurs d\u2019authenticit\u00e9, de respect humain et d\u2019\u00e9quilibre \u00e9cologique.<\/p><p data-start=\"666\" data-end=\"1068\">\u00a0<\/p><p data-start=\"556\" data-end=\"767\"><span style=\"font-size: 1rem;\">Nous mettons un point d\u2019honneur \u00e0 privil\u00e9gier la <\/span><strong style=\"font-size: 1rem;\" data-start=\"715\" data-end=\"731\">transparence<\/strong><span style=\"font-size: 1rem;\"> dans notre s\u00e9lection et \u00e0 collaborer uniquement avec des fournisseurs dignes de confiance. M\u00eame nos emballages, pens\u00e9s pour \u00eatre <\/span><strong style=\"font-size: 1rem;\" data-start=\"861\" data-end=\"891\">recyclables et esth\u00e9tiques<\/strong><span style=\"font-size: 1rem;\">, traduisent cet engagement. Avec <\/span><strong style=\"font-size: 1rem;\" data-start=\"925\" data-end=\"948\">GlamJawahir Alg\u00e9rie<\/strong><span style=\"font-size: 1rem;\">, acheter un bijou signifie adopter un style raffin\u00e9 qui conjugue <\/span><strong style=\"font-size: 1rem;\" data-start=\"1014\" data-end=\"1052\">beaut\u00e9, responsabilit\u00e9 et s\u00e9r\u00e9nit\u00e9<\/strong><span style=\"font-size: 1rem;\"> au quotidien.<\/span><span style=\"font-style: inherit; font-weight: inherit;\">.<\/span><\/p>\t\t\t\t\t\t\t\t<\/div>\n\t\t\t\t<\/div>\n\t\t\t\t<\/div>\n\t\t\t\t\t<\/div>\n\t\t\t\t<\/div>\n\t\t<div class=\"elementor-element elementor-element-2f1be4e e-flex e-con-boxed e-con e-parent\" data-id=\"2f1be4e\" data-element_type=\"container\" data-settings=\"{&quot;background_background&quot;:&quot;classic&quot;}\">\n\t\t\t\t\t<div class=\"e-con-inner\">\n\t\t<div class=\"elementor-element elementor-element-98d7d19 e-con-full e-flex e-con e-child\" data-id=\"98d7d19\" data-element_type=\"container\">\n\t\t\t\t<div class=\"elementor-element elementor-element-0cbc977 elementor-widget elementor-widget-heading\" data-id=\"0cbc977\" data-element_type=\"widget\" data-widget_type=\"heading.default\">\n\t\t\t\t<div class=\"elementor-widget-container\">\n\t\t\t\t\t<h6 class=\"elementor-heading-title elementor-size-default\">\u0627\u0643\u062a\u0634\u0641<\/h6>\t\t\t\t<\/div>\n\t\t\t\t<\/div>\n\t\t\t\t<div class=\"elementor-element elementor-element-2915af7 elementor-widget elementor-widget-image-box\" data-id=\"2915af7\" data-element_type=\"widget\" data-widget_type=\"image-box.default\">\n\t\t\t\t<div class=\"elementor-widget-container\">\n\t\t\t\t\t<div class=\"elementor-image-box-wrapper\"><div class=\"elementor-image-box-content\"><h2 class=\"elementor-image-box-title\">\u0623\u0636\u0641 \u0644\u0645\u0633\u0629 \u0645\u0646 \u0627\u0644\u0631\u0642\u064a \u0625\u0644\u0649 \u0623\u0633\u0644\u0648\u0628\u0643\u060c \u0648\u0627\u0639\u062a\u0645\u062f \u0627\u0644\u0623\u0646\u0627\u0642\u0629 \u0627\u0644\u062e\u0627\u0644\u062f\u0629!<\/h2><p class=\"elementor-image-box-description\">\u0627\u0643\u062a\u0634\u0641 \u0645\u062c\u0645\u0648\u0639\u0627\u062a\u0646\u0627 \u0627\u0644\u064a\u0648\u0645 \u0648\u0627\u0633\u062a\u0645\u062a\u0639 \u0628\u062c\u0645\u0627\u0644 \u0627\u0644\u0645\u062c\u0648\u0647\u0631\u0627\u062a \u0627\u0644\u0631\u0627\u0642\u064a\u0629. \u0627\u0645\u0646\u062d \u0646\u0641\u0633\u0643 \u0627\u0644\u0622\u0646 \u062a\u062c\u0633\u064a\u062f\u064b\u0627 \u0644\u0644\u0623\u0646\u0627\u0642\u0629 \u0648\u0627\u0644\u0641\u062e\u0627\u0645\u0629 \u0645\u0646 GlamJawahir.<\/p><\/div><\/div>\t\t\t\t<\/div>\n\t\t\t\t<\/div>\n\t\t\t\t<div class=\"elementor-element elementor-element-d75bf1e elementor-widget elementor-widget-button\" data-id=\"d75bf1e\" data-element_type=\"widget\" data-widget_type=\"button.default\">\n\t\t\t\t<div class=\"elementor-widget-container\">\n\t\t\t\t\t\t\t\t\t<div class=\"elementor-button-wrapper\">\n\t\t\t\t\t<a class=\"elementor-button elementor-button-link elementor-size-sm\" href=\"#\">\n\t\t\t\t\t\t<span class=\"elementor-button-content-wrapper\">\n\t\t\t\t\t\t\t\t\t<span class=\"elementor-button-text\">\u062a\u0633\u0648\u0642 \u0627\u0644\u0622\u0646<\/span>\n\t\t\t\t\t<\/span>\n\t\t\t\t\t<\/a>\n\t\t\t\t<\/div>\n\t\t\t\t\t\t\t\t<\/div>\n\t\t\t\t<\/div>\n\t\t\t\t<\/div>\n\t\t\t\t\t<\/div>\n\t\t\t\t<\/div>\n\t\t\t\t<\/div>","protected":false},"excerpt":{"rendered":"<p>a propos de nous GlamJawahir \u2013 L\u2019\u00e9l\u00e9gance qui vous illumine en Alg\u00e9rie Bienvenue chez GlamJawahir, votre boutique en ligne DZ [&hellip;]<\/p>","protected":false},"author":1,"featured_media":0,"parent":549,"menu_order":3,"comment_status":"closed","ping_status":"closed","template":"","meta":{"site-sidebar-layout":"no-sidebar","site-content-layout":"","ast-site-content-layout":"full-width-container","site-content-style":"default","site-sidebar-style":"default","ast-global-header-display":"","ast-banner-title-visibility":"","ast-main-header-display":"","ast-hfb-above-header-display":"","ast-hfb-below-header-display":"","ast-hfb-mobile-header-display":"","site-post-title":"disabled","ast-breadcrumbs-content":"","ast-featured-img":"disabled","footer-sml-layout":"","theme-transparent-header-meta":"enabled","adv-header-id-meta":"","stick-header-meta":"","header-above-stick-meta":"","header-main-stick-meta":"","header-below-stick-meta":"","astra-migrate-meta-layouts":"default","ast-page-background-enabled":"default","ast-page-background-meta":{"desktop":{"background-color":"var(--ast-global-color-4)","background-image":"","background-repeat":"repeat","background-position":"center center","background-size":"auto","background-attachment":"scroll","background-type":"","background-media":"","overlay-type":"","overlay-color":"","overlay-opacity":"","overlay-gradient":""},"tablet":{"background-color":"","background-image":"","background-repeat":"repeat","background-position":"center center","background-size":"auto","background-attachment":"scroll","background-type":"","background-media":"","overlay-type":"","overlay-color":"","overlay-opacity":"","overlay-gradient":""},"mobile":{"background-color":"","background-image":"","background-repeat":"repeat","background-position":"center center","background-size":"auto","background-attachment":"scroll","background-type":"","background-media":"","overlay-type":"","overlay-color":"","overlay-opacity":"","overlay-gradient":""}},"ast-content-background-meta":{"desktop":{"background-color":"var(--ast-global-color-5)","background-image":"","background-repeat":"repeat","background-position":"center center","background-size":"auto","background-attachment":"scroll","background-type":"","background-media":"","overlay-type":"","overlay-color":"","overlay-opacity":"","overlay-gradient":""},"tablet":{"background-color":"var(--ast-global-color-5)","background-image":"","background-repeat":"repeat","background-position":"center center","background-size":"auto","background-attachment":"scroll","background-type":"","background-media":"","overlay-type":"","overlay-color":"","overlay-opacity":"","overlay-gradient":""},"mobile":{"background-color":"var(--ast-global-color-5)","background-image":"","background-repeat":"repeat","background-position":"center center","background-size":"auto","background-attachment":"scroll","background-type":"","background-media":"","overlay-type":"","overlay-color":"","overlay-opacity":"","overlay-gradient":""}},"footnotes":""},"class_list":["post-548","page","type-page","status-publish","hentry"],"jetpack_sharing_enabled":true,"_links":{"self":[{"href":"https:\/\/glamjawahir.com\/ar\/wp-json\/wp\/v2\/pages\/548","targetHints":{"allow":["GET"]}}],"collection":[{"href":"https:\/\/glamjawahir.com\/ar\/wp-json\/wp\/v2\/pages"}],"about":[{"href":"https:\/\/glamjawahir.com\/ar\/wp-json\/wp\/v2\/types\/page"}],"author":[{"embeddable":true,"href":"https:\/\/glamjawahir.com\/ar\/wp-json\/wp\/v2\/users\/1"}],"replies":[{"embeddable":true,"href":"https:\/\/glamjawahir.com\/ar\/wp-json\/wp\/v2\/comments?post=548"}],"version-history":[{"count":5,"href":"https:\/\/glamjawahir.com\/ar\/wp-json\/wp\/v2\/pages\/548\/revisions"}],"predecessor-version":[{"id":807,"href":"https:\/\/glamjawahir.com\/ar\/wp-json\/wp\/v2\/pages\/548\/revisions\/807"}],"up":[{"embeddable":true,"href":"https:\/\/glamjawahir.com\/ar\/wp-json\/wp\/v2\/pages\/549"}],"wp:attachment":[{"href":"https:\/\/glamjawahir.com\/ar\/wp-json\/wp\/v2\/media?parent=548"}],"curies":[{"name":"wp","href":"https:\/\/api.w.org\/{rel}","templated":true}]}}