{"id":965,"date":"2025-10-17T13:43:12","date_gmt":"2025-10-17T13:43:12","guid":{"rendered":"https:\/\/glamjawahir.com\/?post_type=product&#038;p=965"},"modified":"2025-10-17T16:53:13","modified_gmt":"2025-10-17T16:53:13","slug":"bracelet-elegance-doree","status":"publish","type":"product","link":"https:\/\/glamjawahir.com\/ar\/product\/bracelet-elegance-doree\/","title":{"rendered":"Bracelet \u00c9l\u00e9gance Dor\u00e9e \u2013 Acier Inoxydable et Zircons \u00c9tincelants"},"content":{"rendered":"<p data-start=\"625\" data-end=\"860\" class=\"translation-block\">\u0627\u0643\u062a\u0634\u0641\u0648\u0627 \u0633\u0648\u0627\u0631 \u00c9l\u00e9gance Dor\u00e9e\u060c \u0648\u0647\u0648 \u062a\u0635\u0645\u064a\u0645 \u0641\u0631\u064a\u062f \u064a\u062c\u0645\u0639 \u0628\u064a\u0646 \u0628\u0631\u064a\u0642 \u0627\u0644\u0644\u0648\u0646 \u0627\u0644\u0630\u0647\u0628\u064a \u0648\u0646\u0642\u0627\u0621 \u0627\u0644\u0632\u0631\u0643\u0648\u0646.\n\u0635\u064f\u0646\u0639 \u0647\u0630\u0627 \u0627\u0644\u0633\u0648\u0627\u0631 \u0645\u0646 \u0627\u0644\u0641\u0648\u0644\u0627\u0630 \u0627\u0644\u0645\u0642\u0627\u0648\u0645 \u0644\u0644\u0635\u062f\u0623 \u0639\u0627\u0644\u064a \u0627\u0644\u062c\u0648\u062f\u0629\u060c \u0648\u064a\u062d\u0627\u0641\u0638 \u0639\u0644\u0649 \u0628\u0631\u064a\u0642\u0647 \u0645\u0639 \u0645\u0631\u0648\u0631 \u0627\u0644\u0648\u0642\u062a \u062f\u0648\u0646 \u0623\u0646 \u064a\u062a\u0639\u0631\u0636 \u0644\u0644\u0635\u062f\u0623 \u0623\u0648 \u0627\u0644\u062a\u0644\u0641.<\/p>\n<p data-start=\"862\" data-end=\"1080\" class=\"translation-block\">\u062a\u062a\u0646\u0627\u0633\u0628 \u0631\u0642\u062a\u0647 \u0648\u062a\u0635\u0645\u064a\u0645\u0647 \u0627\u0644\u0645\u0641\u062a\u0648\u062d \u062a\u0645\u0627\u0645\u064b\u0627 \u0645\u0639 \u0627\u0644\u0645\u0639\u0635\u0645\u060c \u0645\u0639 \u0625\u0636\u0641\u0627\u0621 \u0645\u0638\u0647\u0631 \u0639\u0635\u0631\u064a \u0648\u0623\u0646\u064a\u0642 \u0641\u064a \u0627\u0644\u0648\u0642\u062a \u0646\u0641\u0633\u0647.\n\u0633\u0648\u0627\u0621 \u062a\u0645 \u0627\u0631\u062a\u062f\u0627\u0624\u0647 \u0628\u0645\u0641\u0631\u062f\u0647 \u0623\u0648 \u0645\u0639 \u0623\u0633\u0627\u0648\u0631 \u0623\u062e\u0631\u0649\u060c \u0641\u0625\u0646\u0647 \u064a\u0636\u0641\u064a \u0628\u0631\u064a\u0642\u064b\u0627 \u0639\u0644\u0649 \u0623\u0633\u0644\u0648\u0628\u0643 \u0627\u0644\u064a\u0648\u0645\u064a.<\/p>\n<h4 data-start=\"1082\" data-end=\"1108\">\ud83c\udf1f \u0627\u0644\u0645\u064a\u0632\u0627\u062a:<\/h4>\n<ul data-start=\"1109\" data-end=\"1457\">\n<li data-start=\"1109\" data-end=\"1153\">\n<p data-start=\"1111\" data-end=\"1153\" class=\"translation-block\">\u0627\u0644\u0645\u0627\u062f\u0629: \u0641\u0648\u0644\u0627\u0630 \u0645\u0642\u0627\u0648\u0645 \u0644\u0644\u0635\u062f\u0623 \u0645\u0637\u0644\u064a \u0628\u0627\u0644\u0630\u0647\u0628 \u0639\u064a\u0627\u0631 18 \u0642\u064a\u0631\u0627\u0637<\/p>\n<\/li>\n<li data-start=\"1154\" data-end=\"1207\">\n<p data-start=\"1156\" data-end=\"1207\" class=\"translation-block\">\u0627\u0644\u062d\u062c\u0631: \u0632\u0631\u0643\u0648\u0646 \u0634\u0641\u0627\u0641 \u0639\u0627\u0644\u064a \u0627\u0644\u0644\u0645\u0639\u0627\u0646<\/p>\n<\/li>\n<li data-start=\"1208\" data-end=\"1272\">\n<p data-start=\"1210\" data-end=\"1272\" class=\"translation-block\">\u0627\u0644\u062d\u062c\u0645: \u0642\u0627\u0628\u0644 \u0644\u0644\u062a\u0639\u062f\u064a\u0644 \u2013 \u064a\u0646\u0627\u0633\u0628 \u0645\u0639\u0638\u0645 \u0627\u0644\u0645\u0639\u0627\u0635\u0645<\/p>\n<\/li>\n<li data-start=\"1273\" data-end=\"1347\">\n<p data-start=\"1275\" data-end=\"1347\" class=\"translation-block\">\u0627\u0644\u0645\u0642\u0627\u0648\u0645\u0629: \u0644\u0627 \u064a\u062a\u063a\u064a\u0631 \u0644\u0648\u0646\u0647\u060c \u0645\u0642\u0627\u0648\u0645 \u0644\u0644\u0645\u0627\u0621 \u0648\u0627\u0644\u0639\u0631\u0642<\/p>\n<\/li>\n<li data-start=\"1348\" data-end=\"1391\">\n<p data-start=\"1350\" data-end=\"1391\"><strong data-start=\"1350\" data-end=\"1361\">\u0627\u0644\u0637\u0631\u0627\u0632: \u0623\u0646\u064a\u0642 \u0648\u0639\u0635\u0631\u064a \u0648\u0631\u0627\u0642\u064a<\/strong> \u00c9l\u00e9gant, moderne et raffin\u00e9<\/p>\n<\/li>\n<li data-start=\"1392\" data-end=\"1457\">\n<p data-start=\"1394\" data-end=\"1457\" class=\"translation-block\">\u0627\u0644\u0645\u0646\u0627\u0633\u0628\u0629: \u064a\u0648\u0645\u064a\u064b\u0627\u060c \u0623\u0645\u0633\u064a\u0629\u060c \u0647\u062f\u064a\u0629 \u0623\u0648 \u0645\u0646\u0627\u0633\u0628\u0629 \u062e\u0627\u0635\u0629<\/p>\n<\/li>\n<\/ul>\n<h4 data-start=\"1459\" data-end=\"1484\">\ud83c\udf81 \u0645\u062b\u0627\u0644\u064a\u0629 \u0643\u0647\u062f\u064a\u0629<\/h4>\n<p data-start=\"1485\" data-end=\"1587\">\u0647\u062f\u064a\u0629 \u0631\u0627\u0642\u064a\u0629 \u0644\u062a\u0642\u062f\u064a\u0645\u0647\u0627 \u0641\u064a \u0639\u064a\u062f \u0645\u064a\u0644\u0627\u062f \u0623\u0648 \u0632\u0641\u0627\u0641 \u0623\u0648 \u0644\u0645\u062c\u0631\u062f \u0625\u0631\u0636\u0627\u0621 \u0627\u0644\u0630\u0627\u062a.<\/p>","protected":false},"excerpt":{"rendered":"<p data-start=\"340\" data-end=\"562\">\u062c\u0648\u0647\u0631\u0629 \u0623\u0646\u064a\u0642\u0629 \u0648\u062e\u0627\u0644\u062f\u0629. \u0647\u0630\u0627 \u0627\u0644\u0633\u0648\u0627\u0631 \u0627\u0644\u0630\u0647\u0628\u064a \u0627\u0644\u0645\u0635\u0646\u0648\u0639 \u0645\u0646 \u0627\u0644\u0641\u0648\u0644\u0627\u0630 \u0627\u0644\u0645\u0642\u0627\u0648\u0645 \u0644\u0644\u0635\u062f\u0623 \u0645\u0632\u064a\u0646 \u0628\u062e\u0637 \u0623\u0646\u064a\u0642 \u0645\u0646 \u0627\u0644\u0632\u0631\u0643\u0648\u0646 \u0627\u0644\u0645\u062a\u0644\u0623\u0644\u0626. \u0645\u0642\u0627\u0648\u0645 \u0644\u0644\u0645\u0627\u0621 \u0648\u0627\u0644\u062a\u0622\u0643\u0644\u060c \u064a\u062c\u0645\u0639 \u0628\u064a\u0646 \u0627\u0644\u0623\u0646\u0627\u0642\u0629 \u0648\u0627\u0644\u0645\u062a\u0627\u0646\u0629 \u2014 \u0645\u062b\u0627\u0644\u064a \u0644\u0625\u0636\u0641\u0627\u0621 \u0644\u0645\u0633\u0629 \u062c\u0645\u0627\u0644\u064a\u0629 \u0639\u0644\u0649 \u0643\u0644 \u0625\u0637\u0644\u0627\u0644\u0629.<\/p>","protected":false},"featured_media":966,"comment_status":"open","ping_status":"closed","template":"","meta":{"site-sidebar-layout":"default","site-content-layout":"","ast-site-content-layout":"default","site-content-style":"default","site-sidebar-style":"default","ast-global-header-display":"","ast-banner-title-visibility":"","ast-main-header-display":"","ast-hfb-above-header-display":"","ast-hfb-below-header-display":"","ast-hfb-mobile-header-display":"","site-post-title":"","ast-breadcrumbs-content":"","ast-featured-img":"","footer-sml-layout":"","theme-transparent-header-meta":"default","adv-header-id-meta":"","stick-header-meta":"","header-above-stick-meta":"","header-main-stick-meta":"","header-below-stick-meta":"","astra-migrate-meta-layouts":"set","ast-page-background-enabled":"default","ast-page-background-meta":{"desktop":{"background-color":"var(--ast-global-color-4)","background-image":"","background-repeat":"repeat","background-position":"center center","background-size":"auto","background-attachment":"scroll","background-type":"","background-media":"","overlay-type":"","overlay-color":"","overlay-opacity":"","overlay-gradient":""},"tablet":{"background-color":"","background-image":"","background-repeat":"repeat","background-position":"center center","background-size":"auto","background-attachment":"scroll","background-type":"","background-media":"","overlay-type":"","overlay-color":"","overlay-opacity":"","overlay-gradient":""},"mobile":{"background-color":"","background-image":"","background-repeat":"repeat","background-position":"center center","background-size":"auto","background-attachment":"scroll","background-type":"","background-media":"","overlay-type":"","overlay-color":"","overlay-opacity":"","overlay-gradient":""}},"ast-content-background-meta":{"desktop":{"background-color":"var(--ast-global-color-5)","background-image":"","background-repeat":"repeat","background-position":"center center","background-size":"auto","background-attachment":"scroll","background-type":"","background-media":"","overlay-type":"","overlay-color":"","overlay-opacity":"","overlay-gradient":""},"tablet":{"background-color":"var(--ast-global-color-5)","background-image":"","background-repeat":"repeat","background-position":"center center","background-size":"auto","background-attachment":"scroll","background-type":"","background-media":"","overlay-type":"","overlay-color":"","overlay-opacity":"","overlay-gradient":""},"mobile":{"background-color":"var(--ast-global-color-5)","background-image":"","background-repeat":"repeat","background-position":"center center","background-size":"auto","background-attachment":"scroll","background-type":"","background-media":"","overlay-type":"","overlay-color":"","overlay-opacity":"","overlay-gradient":""}}},"product_brand":[],"product_cat":[43],"product_tag":[],"class_list":{"0":"post-965","1":"product","2":"type-product","3":"status-publish","4":"has-post-thumbnail","6":"product_cat-bracelets-femme","7":"desktop-align-center","8":"tablet-align-center","9":"mobile-align-center","11":"first","12":"instock","13":"sale","14":"featured","15":"purchasable","16":"product-type-simple"},"jetpack_sharing_enabled":true,"_links":{"self":[{"href":"https:\/\/glamjawahir.com\/ar\/wp-json\/wp\/v2\/product\/965","targetHints":{"allow":["GET"]}}],"collection":[{"href":"https:\/\/glamjawahir.com\/ar\/wp-json\/wp\/v2\/product"}],"about":[{"href":"https:\/\/glamjawahir.com\/ar\/wp-json\/wp\/v2\/types\/product"}],"replies":[{"embeddable":true,"href":"https:\/\/glamjawahir.com\/ar\/wp-json\/wp\/v2\/comments?post=965"}],"wp:featuredmedia":[{"embeddable":true,"href":"https:\/\/glamjawahir.com\/ar\/wp-json\/wp\/v2\/media\/966"}],"wp:attachment":[{"href":"https:\/\/glamjawahir.com\/ar\/wp-json\/wp\/v2\/media?parent=965"}],"wp:term":[{"taxonomy":"product_brand","embeddable":true,"href":"https:\/\/glamjawahir.com\/ar\/wp-json\/wp\/v2\/product_brand?post=965"},{"taxonomy":"product_cat","embeddable":true,"href":"https:\/\/glamjawahir.com\/ar\/wp-json\/wp\/v2\/product_cat?post=965"},{"taxonomy":"product_tag","embeddable":true,"href":"https:\/\/glamjawahir.com\/ar\/wp-json\/wp\/v2\/product_tag?post=965"}],"curies":[{"name":"wp","href":"https:\/\/api.w.org\/{rel}","templated":true}]}}